{"id":3651,"date":"2022-08-22T10:56:06","date_gmt":"2022-08-22T08:56:06","guid":{"rendered":"https:\/\/www.branche-handel.ch\/impressum\/"},"modified":"2025-11-06T13:37:20","modified_gmt":"2025-11-06T12:37:20","slug":"impressum","status":"publish","type":"page","link":"https:\/\/www.branche-handel.ch\/fr\/impressum\/","title":{"rendered":"Mentions l\u00e9gales"},"content":{"rendered":"\t\t<div data-elementor-type=\"wp-page\" data-elementor-id=\"3651\" class=\"elementor elementor-3651 elementor-1138\" data-elementor-post-type=\"page\">\n\t\t\t\t<div data-dce-background-image-url=\"https:\/\/www.branche-handel.ch\/wp-content\/uploads\/2022\/08\/showcase-inner.png\" data-dce-background-overlay-image-url=\"https:\/\/www.branche-handel.ch\/wp-content\/uploads\/2022\/08\/Showcase_separator.png\" class=\"elementor-element elementor-element-6b8d0ef4 inner e-flex e-con-boxed e-con e-parent\" data-id=\"6b8d0ef4\" data-element_type=\"container\" data-e-type=\"container\" id=\"showcase\" data-settings=\"{&quot;background_background&quot;:&quot;classic&quot;}\">\n\t\t\t\t\t<div class=\"e-con-inner\">\n\t\t\t\t<div class=\"elementor-element elementor-element-522a31e8 elementor-widget__width-inherit main-title elementor-invisible elementor-widget elementor-widget-heading\" data-id=\"522a31e8\" data-element_type=\"widget\" data-e-type=\"widget\" data-settings=\"{&quot;_animation&quot;:&quot;fadeInLeft&quot;}\" data-widget_type=\"heading.default\">\n\t\t\t\t<div class=\"elementor-widget-container\">\n\t\t\t\t\t<h2 class=\"elementor-heading-title elementor-size-default\">Mentions l\u00e9gales<\/h2>\t\t\t\t<\/div>\n\t\t\t\t<\/div>\n\t\t\t\t<div class=\"elementor-element elementor-element-5a991c3b elementor-widget__width-inherit elementor-widget-divider--view-line elementor-invisible elementor-widget elementor-widget-divider\" data-id=\"5a991c3b\" data-element_type=\"widget\" data-e-type=\"widget\" data-settings=\"{&quot;_animation&quot;:&quot;fadeInUp&quot;,&quot;_animation_delay&quot;:500}\" data-widget_type=\"divider.default\">\n\t\t\t\t<div class=\"elementor-widget-container\">\n\t\t\t\t\t\t\t<div class=\"elementor-divider\">\n\t\t\t<span class=\"elementor-divider-separator\">\n\t\t\t\t\t\t<\/span>\n\t\t<\/div>\n\t\t\t\t\t\t<\/div>\n\t\t\t\t<\/div>\n\t\t\t\t\t<\/div>\n\t\t\t\t<\/div>\n\t\t<div class=\"elementor-element elementor-element-7a9191b4 e-flex e-con-boxed e-con e-parent\" data-id=\"7a9191b4\" data-element_type=\"container\" data-e-type=\"container\" id=\"time2learn\" data-settings=\"{&quot;background_background&quot;:&quot;classic&quot;}\">\n\t\t\t\t\t<div class=\"e-con-inner\">\n\t\t\t\t<div class=\"elementor-element elementor-element-555e3972 elementor-widget__width-inherit elementor-widget elementor-widget-heading\" data-id=\"555e3972\" data-element_type=\"widget\" data-e-type=\"widget\" data-widget_type=\"heading.default\">\n\t\t\t\t<div class=\"elementor-widget-container\">\n\t\t\t\t\t<h2 class=\"elementor-heading-title elementor-size-default\">Mentions l\u00e9gales<\/h2>\t\t\t\t<\/div>\n\t\t\t\t<\/div>\n\t\t\t\t<div class=\"elementor-element elementor-element-c3fe9ec elementor-widget__width-inherit elementor-widget-divider--view-line elementor-widget elementor-widget-divider\" data-id=\"c3fe9ec\" data-element_type=\"widget\" data-e-type=\"widget\" data-widget_type=\"divider.default\">\n\t\t\t\t<div class=\"elementor-widget-container\">\n\t\t\t\t\t\t\t<div class=\"elementor-divider\">\n\t\t\t<span class=\"elementor-divider-separator\">\n\t\t\t\t\t\t<\/span>\n\t\t<\/div>\n\t\t\t\t\t\t<\/div>\n\t\t\t\t<\/div>\n\t\t\t\t<div class=\"elementor-element elementor-element-7bcf0444 elementor-widget elementor-widget-text-editor\" data-id=\"7bcf0444\" data-element_type=\"widget\" data-e-type=\"widget\" data-widget_type=\"text-editor.default\">\n\t\t\t\t<div class=\"elementor-widget-container\">\n\t\t\t\t\t\t\t\t\t<p>Cette site internet a \u00e9t\u00e9 cr\u00e9\u00e9 en 2022 pour la nouvelle ordonnance sur la formation OFIAMT 2023.<\/p>\n<h5>Design par :<\/h5>\n<p>MOLINOTEQ GmbH<\/p>\n<p>Lerzenstrasse 10<br \/>8953 Dietikon<\/p>\n<h5>Redaktion:<\/h5>\n<p>Val\u00e9rie Kaufmann<\/p>\n<h5>Editeur :<\/h5>\n<p>Branche Commerce<\/p>\n<p>G\u00fcterstrase 78<\/p>\n<p>4054 B\u00e2le<\/p>\n<h5>Fotos im Titelbalken:<\/h5>\n<p>Pixabay und Pexels<\/p>\n<h4><strong>Clause de non-responsabilit\u00e9<\/strong><\/h4>\n<p><\/p>\n<ul>\n<li style=\"list-style-type: none;\">\n<ul>\n<li>Les informations mises \u00e0 disposition sur ce site Internet ont \u00e9t\u00e9 rassembl\u00e9es et contr\u00f4l\u00e9es avec le plus grand soin. Dennoch kann die Branche Handel nicht garantieren, dass alle Angaben zu jeder Zeit vollst\u00e4ndig, genau und richtig sind. Nous d\u00e9clinons toute responsabilit\u00e9 pour les dommages directs ou indirects r\u00e9sultant de l&rsquo;utilisation des informations pr\u00e9sent\u00e9es ici.<\/li>\n<\/ul>\n<p><\/li>\n<p><\/ul>\n<p>Si des droits de tiers devaient \u00eatre viol\u00e9s d&rsquo;une mani\u00e8re ou d&rsquo;une autre sur ce site, nous vous prions de bien vouloir nous informer. Nous supprimerons alors imm\u00e9diatement ces points.<\/p>\n<p>Nous n&rsquo;assumons aucune responsabilit\u00e9 pour le contenu des liens externes.Les exploitants de ces sites sont seuls responsables de leur contenu.<\/p>\n\t\t\t\t\t\t\t\t<\/div>\n\t\t\t\t<\/div>\n\t\t\t\t<div data-dce-background-color=\"#D65250\" class=\"elementor-element elementor-element-99f35a7 elementor-widget elementor-widget-button\" data-id=\"99f35a7\" data-element_type=\"widget\" data-e-type=\"widget\" data-widget_type=\"button.default\">\n\t\t\t\t<div class=\"elementor-widget-container\">\n\t\t\t\t\t\t\t\t\t<div class=\"elementor-button-wrapper\">\n\t\t\t\t\t<a class=\"elementor-button elementor-button-link elementor-size-sm\" href=\"https:\/\/www.branche-handel.ch\/fr\/?page_id=3740\">\n\t\t\t\t\t\t<span class=\"elementor-button-content-wrapper\">\n\t\t\t\t\t\t\t\t\t<span class=\"elementor-button-text\">Lire la d\u00e9claration de confidentialit\u00e9<\/span>\n\t\t\t\t\t<\/span>\n\t\t\t\t\t<\/a>\n\t\t\t\t<\/div>\n\t\t\t\t\t\t\t\t<\/div>\n\t\t\t\t<\/div>\n\t\t\t\t\t<\/div>\n\t\t\t\t<\/div>\n\t\t\t\t<\/div>\n\t\t","protected":false},"excerpt":{"rendered":"<p>Cette site internet a \u00e9t\u00e9 cr\u00e9\u00e9 en 2022 pour la nouvelle ordonnance sur la formation OFIAMT 2023. Design par : MOLINOTEQ GmbH Lerzenstrasse 108953 Dietikon Redaktion: Val\u00e9rie Kaufmann Editeur : Branche Commerce G\u00fcterstrase 78 4054 B\u00e2le Fotos im Titelbalken: Pixabay und Pexels Clause de non-responsabilit\u00e9 Les informations mises \u00e0 disposition sur ce site Internet ont [&hellip;]<\/p>\n","protected":false},"author":1,"featured_media":0,"parent":0,"menu_order":0,"comment_status":"closed","ping_status":"closed","template":"","meta":{"footnotes":""},"class_list":["post-3651","page","type-page","status-publish","hentry"],"yoast_head":"<!-- This site is optimized with the Yoast SEO plugin v27.2 - https:\/\/yoast.com\/product\/yoast-seo-wordpress\/ -->\n<title>Mentions l\u00e9gales - Branche Handel<\/title>\n<meta name=\"robots\" content=\"index, follow, max-snippet:-1, max-image-preview:large, max-video-preview:-1\" \/>\n<link rel=\"canonical\" href=\"https:\/\/www.branche-handel.ch\/fr\/impressum\/\" \/>\n<meta property=\"og:locale\" content=\"fr_FR\" \/>\n<meta property=\"og:type\" content=\"article\" \/>\n<meta property=\"og:title\" content=\"Mentions l\u00e9gales - Branche Handel\" \/>\n<meta property=\"og:description\" content=\"Cette site internet a \u00e9t\u00e9 cr\u00e9\u00e9 en 2022 pour la nouvelle ordonnance sur la formation OFIAMT 2023. Design par : MOLINOTEQ GmbH Lerzenstrasse 108953 Dietikon Redaktion: Val\u00e9rie Kaufmann Editeur : Branche Commerce G\u00fcterstrase 78 4054 B\u00e2le Fotos im Titelbalken: Pixabay und Pexels Clause de non-responsabilit\u00e9 Les informations mises \u00e0 disposition sur ce site Internet ont [&hellip;]\" \/>\n<meta property=\"og:url\" content=\"https:\/\/www.branche-handel.ch\/fr\/impressum\/\" \/>\n<meta property=\"og:site_name\" content=\"Branche Handel\" \/>\n<meta property=\"article:modified_time\" content=\"2025-11-06T12:37:20+00:00\" \/>\n<meta name=\"twitter:card\" content=\"summary_large_image\" \/>\n<meta name=\"twitter:label1\" content=\"Dur\u00e9e de lecture estim\u00e9e\" \/>\n\t<meta name=\"twitter:data1\" content=\"1 minute\" \/>\n<script type=\"application\/ld+json\" class=\"yoast-schema-graph\">{\"@context\":\"https:\/\/schema.org\",\"@graph\":[{\"@type\":\"WebPage\",\"@id\":\"https:\/\/www.branche-handel.ch\/fr\/impressum\/\",\"url\":\"https:\/\/www.branche-handel.ch\/fr\/impressum\/\",\"name\":\"Mentions l\u00e9gales - Branche Handel\",\"isPartOf\":{\"@id\":\"https:\/\/www.branche-handel.ch\/fr\/#website\"},\"datePublished\":\"2022-08-22T08:56:06+00:00\",\"dateModified\":\"2025-11-06T12:37:20+00:00\",\"breadcrumb\":{\"@id\":\"https:\/\/www.branche-handel.ch\/fr\/impressum\/#breadcrumb\"},\"inLanguage\":\"fr-FR\",\"potentialAction\":[{\"@type\":\"ReadAction\",\"target\":[\"https:\/\/www.branche-handel.ch\/fr\/impressum\/\"]}]},{\"@type\":\"BreadcrumbList\",\"@id\":\"https:\/\/www.branche-handel.ch\/fr\/impressum\/#breadcrumb\",\"itemListElement\":[{\"@type\":\"ListItem\",\"position\":1,\"name\":\"Home\",\"item\":\"https:\/\/www.branche-handel.ch\/fr\/\"},{\"@type\":\"ListItem\",\"position\":2,\"name\":\"Mentions l\u00e9gales\"}]},{\"@type\":\"WebSite\",\"@id\":\"https:\/\/www.branche-handel.ch\/fr\/#website\",\"url\":\"https:\/\/www.branche-handel.ch\/fr\/\",\"name\":\"Branche Handel\",\"description\":\"Kaufm\u00e4nnische Grundbildung\",\"publisher\":{\"@id\":\"https:\/\/www.branche-handel.ch\/fr\/#organization\"},\"potentialAction\":[{\"@type\":\"SearchAction\",\"target\":{\"@type\":\"EntryPoint\",\"urlTemplate\":\"https:\/\/www.branche-handel.ch\/fr\/?s={search_term_string}\"},\"query-input\":{\"@type\":\"PropertyValueSpecification\",\"valueRequired\":true,\"valueName\":\"search_term_string\"}}],\"inLanguage\":\"fr-FR\"},{\"@type\":\"Organization\",\"@id\":\"https:\/\/www.branche-handel.ch\/fr\/#organization\",\"name\":\"Branche Handel\",\"url\":\"https:\/\/www.branche-handel.ch\/fr\/\",\"logo\":{\"@type\":\"ImageObject\",\"inLanguage\":\"fr-FR\",\"@id\":\"https:\/\/www.branche-handel.ch\/fr\/#\/schema\/logo\/image\/\",\"url\":\"https:\/\/www.branche-handel.ch\/wp-content\/uploads\/2022\/08\/BranchHandel_Logo.svg\",\"contentUrl\":\"https:\/\/www.branche-handel.ch\/wp-content\/uploads\/2022\/08\/BranchHandel_Logo.svg\",\"width\":283,\"height\":45,\"caption\":\"Branche Handel\"},\"image\":{\"@id\":\"https:\/\/www.branche-handel.ch\/fr\/#\/schema\/logo\/image\/\"}}]}<\/script>\n<!-- \/ Yoast SEO plugin. -->","yoast_head_json":{"title":"Mentions l\u00e9gales - Branche Handel","robots":{"index":"index","follow":"follow","max-snippet":"max-snippet:-1","max-image-preview":"max-image-preview:large","max-video-preview":"max-video-preview:-1"},"canonical":"https:\/\/www.branche-handel.ch\/fr\/impressum\/","og_locale":"fr_FR","og_type":"article","og_title":"Mentions l\u00e9gales - Branche Handel","og_description":"Cette site internet a \u00e9t\u00e9 cr\u00e9\u00e9 en 2022 pour la nouvelle ordonnance sur la formation OFIAMT 2023. Design par : MOLINOTEQ GmbH Lerzenstrasse 108953 Dietikon Redaktion: Val\u00e9rie Kaufmann Editeur : Branche Commerce G\u00fcterstrase 78 4054 B\u00e2le Fotos im Titelbalken: Pixabay und Pexels Clause de non-responsabilit\u00e9 Les informations mises \u00e0 disposition sur ce site Internet ont [&hellip;]","og_url":"https:\/\/www.branche-handel.ch\/fr\/impressum\/","og_site_name":"Branche Handel","article_modified_time":"2025-11-06T12:37:20+00:00","twitter_card":"summary_large_image","twitter_misc":{"Dur\u00e9e de lecture estim\u00e9e":"1 minute"},"schema":{"@context":"https:\/\/schema.org","@graph":[{"@type":"WebPage","@id":"https:\/\/www.branche-handel.ch\/fr\/impressum\/","url":"https:\/\/www.branche-handel.ch\/fr\/impressum\/","name":"Mentions l\u00e9gales - Branche Handel","isPartOf":{"@id":"https:\/\/www.branche-handel.ch\/fr\/#website"},"datePublished":"2022-08-22T08:56:06+00:00","dateModified":"2025-11-06T12:37:20+00:00","breadcrumb":{"@id":"https:\/\/www.branche-handel.ch\/fr\/impressum\/#breadcrumb"},"inLanguage":"fr-FR","potentialAction":[{"@type":"ReadAction","target":["https:\/\/www.branche-handel.ch\/fr\/impressum\/"]}]},{"@type":"BreadcrumbList","@id":"https:\/\/www.branche-handel.ch\/fr\/impressum\/#breadcrumb","itemListElement":[{"@type":"ListItem","position":1,"name":"Home","item":"https:\/\/www.branche-handel.ch\/fr\/"},{"@type":"ListItem","position":2,"name":"Mentions l\u00e9gales"}]},{"@type":"WebSite","@id":"https:\/\/www.branche-handel.ch\/fr\/#website","url":"https:\/\/www.branche-handel.ch\/fr\/","name":"Branche Handel","description":"Kaufm\u00e4nnische Grundbildung","publisher":{"@id":"https:\/\/www.branche-handel.ch\/fr\/#organization"},"potentialAction":[{"@type":"SearchAction","target":{"@type":"EntryPoint","urlTemplate":"https:\/\/www.branche-handel.ch\/fr\/?s={search_term_string}"},"query-input":{"@type":"PropertyValueSpecification","valueRequired":true,"valueName":"search_term_string"}}],"inLanguage":"fr-FR"},{"@type":"Organization","@id":"https:\/\/www.branche-handel.ch\/fr\/#organization","name":"Branche Handel","url":"https:\/\/www.branche-handel.ch\/fr\/","logo":{"@type":"ImageObject","inLanguage":"fr-FR","@id":"https:\/\/www.branche-handel.ch\/fr\/#\/schema\/logo\/image\/","url":"https:\/\/www.branche-handel.ch\/wp-content\/uploads\/2022\/08\/BranchHandel_Logo.svg","contentUrl":"https:\/\/www.branche-handel.ch\/wp-content\/uploads\/2022\/08\/BranchHandel_Logo.svg","width":283,"height":45,"caption":"Branche Handel"},"image":{"@id":"https:\/\/www.branche-handel.ch\/fr\/#\/schema\/logo\/image\/"}}]}},"_links":{"self":[{"href":"https:\/\/www.branche-handel.ch\/fr\/wp-json\/wp\/v2\/pages\/3651","targetHints":{"allow":["GET"]}}],"collection":[{"href":"https:\/\/www.branche-handel.ch\/fr\/wp-json\/wp\/v2\/pages"}],"about":[{"href":"https:\/\/www.branche-handel.ch\/fr\/wp-json\/wp\/v2\/types\/page"}],"author":[{"embeddable":true,"href":"https:\/\/www.branche-handel.ch\/fr\/wp-json\/wp\/v2\/users\/1"}],"replies":[{"embeddable":true,"href":"https:\/\/www.branche-handel.ch\/fr\/wp-json\/wp\/v2\/comments?post=3651"}],"version-history":[{"count":4,"href":"https:\/\/www.branche-handel.ch\/fr\/wp-json\/wp\/v2\/pages\/3651\/revisions"}],"predecessor-version":[{"id":7707,"href":"https:\/\/www.branche-handel.ch\/fr\/wp-json\/wp\/v2\/pages\/3651\/revisions\/7707"}],"wp:attachment":[{"href":"https:\/\/www.branche-handel.ch\/fr\/wp-json\/wp\/v2\/media?parent=3651"}],"curies":[{"name":"wp","href":"https:\/\/api.w.org\/{rel}","templated":true}]}}