{"id":3638,"date":"2022-08-30T11:55:52","date_gmt":"2022-08-30T09:55:52","guid":{"rendered":"https:\/\/www.branche-handel.ch\/cours\/"},"modified":"2025-11-04T14:23:28","modified_gmt":"2025-11-04T13:23:28","slug":"cours","status":"publish","type":"page","link":"https:\/\/www.branche-handel.ch\/fr\/cours\/","title":{"rendered":"Cours"},"content":{"rendered":"\t\t<div data-elementor-type=\"wp-page\" data-elementor-id=\"3638\" class=\"elementor elementor-3638 elementor-1332\" data-elementor-post-type=\"page\">\n\t\t\t\t<div data-dce-background-image-url=\"https:\/\/www.branche-handel.ch\/wp-content\/uploads\/2022\/08\/Schule.jpg\" data-dce-background-overlay-image-url=\"https:\/\/www.branche-handel.ch\/wp-content\/uploads\/2022\/08\/Showcase_separator.png\" class=\"elementor-element elementor-element-e119d84 inner e-flex e-con-boxed e-con e-parent\" data-id=\"e119d84\" data-element_type=\"container\" data-e-type=\"container\" id=\"showcase\" data-settings=\"{&quot;background_background&quot;:&quot;classic&quot;}\">\n\t\t\t\t\t<div class=\"e-con-inner\">\n\t\t\t\t<div class=\"elementor-element elementor-element-bba2173 elementor-widget__width-inherit main-title elementor-invisible elementor-widget elementor-widget-heading\" data-id=\"bba2173\" data-element_type=\"widget\" data-e-type=\"widget\" data-settings=\"{&quot;_animation&quot;:&quot;fadeInLeft&quot;}\" data-widget_type=\"heading.default\">\n\t\t\t\t<div class=\"elementor-widget-container\">\n\t\t\t\t\t<h2 class=\"elementor-heading-title elementor-size-default\">Formateur professionnels<\/h2>\t\t\t\t<\/div>\n\t\t\t\t<\/div>\n\t\t\t\t<div class=\"elementor-element elementor-element-4c76722 elementor-widget__width-inherit elementor-widget-divider--view-line elementor-invisible elementor-widget elementor-widget-divider\" data-id=\"4c76722\" data-element_type=\"widget\" data-e-type=\"widget\" data-settings=\"{&quot;_animation&quot;:&quot;fadeInUp&quot;,&quot;_animation_delay&quot;:500}\" data-widget_type=\"divider.default\">\n\t\t\t\t<div class=\"elementor-widget-container\">\n\t\t\t\t\t\t\t<div class=\"elementor-divider\">\n\t\t\t<span class=\"elementor-divider-separator\">\n\t\t\t\t\t\t<\/span>\n\t\t<\/div>\n\t\t\t\t\t\t<\/div>\n\t\t\t\t<\/div>\n\t\t\t\t\t<\/div>\n\t\t\t\t<\/div>\n\t\t<div class=\"elementor-element elementor-element-7782587 e-flex e-con-boxed e-con e-parent\" data-id=\"7782587\" data-element_type=\"container\" data-e-type=\"container\" data-settings=\"{&quot;background_background&quot;:&quot;classic&quot;}\">\n\t\t\t\t\t<div class=\"e-con-inner\">\n\t\t<div class=\"elementor-element elementor-element-4bf24cb e-con-full e-flex e-con e-child\" data-id=\"4bf24cb\" data-element_type=\"container\" data-e-type=\"container\">\n\t\t\t\t<div class=\"elementor-element elementor-element-c1c9a31 elementor-widget__width-inherit elementor-widget elementor-widget-toolset-view\" data-id=\"c1c9a31\" data-element_type=\"widget\" data-e-type=\"widget\" data-widget_type=\"toolset-view.default\">\n\t\t\t\t<div class=\"elementor-widget-container\">\n\t\t\t\t\t\n\n\n<div id=\"wpv-view-layout-1330\" class=\"js-wpv-view-layout js-wpv-layout-responsive js-wpv-view-layout-1330\" data-viewnumber=\"1330\" data-pagination=\"{&quot;id&quot;:1330,&quot;query&quot;:&quot;normal&quot;,&quot;type&quot;:&quot;disabled&quot;,&quot;effect&quot;:&quot;fade&quot;,&quot;duration&quot;:500,&quot;speed&quot;:5,&quot;pause_on_hover&quot;:&quot;enabled&quot;,&quot;stop_rollover&quot;:&quot;false&quot;,&quot;cache_pages&quot;:&quot;enabled&quot;,&quot;preload_images&quot;:&quot;enabled&quot;,&quot;preload_pages&quot;:&quot;enabled&quot;,&quot;preload_reach&quot;:1,&quot;spinner&quot;:&quot;builtin&quot;,&quot;spinner_image&quot;:&quot;https:\/\/www.branche-handel.ch\/wp-content\/plugins\/wp-views\/embedded\/res\/img\/ajax-loader.gif&quot;,&quot;callback_next&quot;:&quot;&quot;,&quot;manage_history&quot;:&quot;enabled&quot;,&quot;has_controls_in_form&quot;:&quot;disabled&quot;,&quot;infinite_tolerance&quot;:&quot;0&quot;,&quot;max_pages&quot;:0,&quot;page&quot;:1,&quot;base_permalink&quot;:&quot;\/fr\/wp-json\/wp\/v2\/pages\/3638?wpv_view_count=1330&amp;wpv_paged=WPV_PAGE_NUM&quot;,&quot;loop&quot;:{&quot;type&quot;:&quot;&quot;,&quot;name&quot;:&quot;&quot;,&quot;data&quot;:[],&quot;id&quot;:0}}\" data-permalink=\"\/fr\/wp-json\/wp\/v2\/pages\/3638?wpv_view_count=1330\">\n\n\t\n\t\n\t\t<strong><\/strong>\n\t\n<\/div>\n\t\t\t\t<\/div>\n\t\t\t\t<\/div>\n\t\t<div class=\"elementor-element elementor-element-b2ec940 e-con-full e-flex e-con e-child\" data-id=\"b2ec940\" data-element_type=\"container\" data-e-type=\"container\">\n\t\t\t\t<\/div>\n\t\t\t\t<div class=\"elementor-element elementor-element-955a9a8 elementor-widget elementor-widget-text-editor\" data-id=\"955a9a8\" data-element_type=\"widget\" data-e-type=\"widget\" data-widget_type=\"text-editor.default\">\n\t\t\t\t<div class=\"elementor-widget-container\">\n\t\t\t\t\t\t\t\t\t<p>Vous souhaitez suivre un cours en ligne ou en pr\u00e9sentiel ?<\/p><p>Veuillez contacter sans tarder notre secr\u00e9tariat en Suisse romande.<\/p><p>Alexandre Fallet est \u00e0 votre disposition au :<\/p><p>024 426 07 43<\/p><p>ou \u00e0 l\u2019adresse<\/p><p><a href=\"mailto:alex.fallet@forma-conseil.ch\">alex.fallet@forma-conseil.ch<\/a><\/p>\t\t\t\t\t\t\t\t<\/div>\n\t\t\t\t<\/div>\n\t\t\t\t<\/div>\n\t\t\t\t\t<\/div>\n\t\t\t\t<\/div>\n\t\t\t\t<\/div>\n\t\t","protected":false},"excerpt":{"rendered":"<p>Formateur professionnels VeranstaltungBIVOFormZielgruppeDatumDauer&nbsp; Veranstaltung Groupes de travail r\u00e9gionaux (RAG) RenensBIVO2023FormPr\u00e9sentielZielgruppeFR, FPDatum02.10.2025Dauerapr\u00e8s-midiLink This is the preview of the \u00ab\u00a0Products\u00a0\u00bb Anzeigen. Vous souhaitez suivre un cours en ligne ou en pr\u00e9sentiel ? Veuillez contacter sans tarder notre secr\u00e9tariat en Suisse romande. Alexandre Fallet est \u00e0 votre disposition au : 024 426 07 43 ou \u00e0 l\u2019adresse alex.fallet@forma-conseil.ch<\/p>\n","protected":false},"author":1,"featured_media":0,"parent":0,"menu_order":0,"comment_status":"closed","ping_status":"closed","template":"","meta":{"footnotes":""},"class_list":["post-3638","page","type-page","status-publish","hentry"],"yoast_head":"<!-- This site is optimized with the Yoast SEO plugin v27.2 - https:\/\/yoast.com\/product\/yoast-seo-wordpress\/ -->\n<title>Cours - Branche Handel<\/title>\n<meta name=\"robots\" content=\"index, follow, max-snippet:-1, max-image-preview:large, max-video-preview:-1\" \/>\n<link rel=\"canonical\" href=\"https:\/\/www.branche-handel.ch\/fr\/cours\/\" \/>\n<meta property=\"og:locale\" content=\"fr_FR\" \/>\n<meta property=\"og:type\" content=\"article\" \/>\n<meta property=\"og:title\" content=\"Cours - Branche Handel\" \/>\n<meta property=\"og:description\" content=\"Formateur professionnels VeranstaltungBIVOFormZielgruppeDatumDauer&nbsp; Veranstaltung Groupes de travail r\u00e9gionaux (RAG) RenensBIVO2023FormPr\u00e9sentielZielgruppeFR, FPDatum02.10.2025Dauerapr\u00e8s-midiLink This is the preview of the \u00ab\u00a0Products\u00a0\u00bb Anzeigen. Vous souhaitez suivre un cours en ligne ou en pr\u00e9sentiel ? Veuillez contacter sans tarder notre secr\u00e9tariat en Suisse romande. Alexandre Fallet est \u00e0 votre disposition au : 024 426 07 43 ou \u00e0 l\u2019adresse alex.fallet@forma-conseil.ch\" \/>\n<meta property=\"og:url\" content=\"https:\/\/www.branche-handel.ch\/fr\/cours\/\" \/>\n<meta property=\"og:site_name\" content=\"Branche Handel\" \/>\n<meta property=\"article:modified_time\" content=\"2025-11-04T13:23:28+00:00\" \/>\n<meta name=\"twitter:card\" content=\"summary_large_image\" \/>\n<meta name=\"twitter:label1\" content=\"Dur\u00e9e de lecture estim\u00e9e\" \/>\n\t<meta name=\"twitter:data1\" content=\"1 minute\" \/>\n<script type=\"application\/ld+json\" class=\"yoast-schema-graph\">{\"@context\":\"https:\/\/schema.org\",\"@graph\":[{\"@type\":\"WebPage\",\"@id\":\"https:\/\/www.branche-handel.ch\/fr\/cours\/\",\"url\":\"https:\/\/www.branche-handel.ch\/fr\/cours\/\",\"name\":\"Cours - Branche Handel\",\"isPartOf\":{\"@id\":\"https:\/\/www.branche-handel.ch\/fr\/#website\"},\"datePublished\":\"2022-08-30T09:55:52+00:00\",\"dateModified\":\"2025-11-04T13:23:28+00:00\",\"breadcrumb\":{\"@id\":\"https:\/\/www.branche-handel.ch\/fr\/cours\/#breadcrumb\"},\"inLanguage\":\"fr-FR\",\"potentialAction\":[{\"@type\":\"ReadAction\",\"target\":[\"https:\/\/www.branche-handel.ch\/fr\/cours\/\"]}]},{\"@type\":\"BreadcrumbList\",\"@id\":\"https:\/\/www.branche-handel.ch\/fr\/cours\/#breadcrumb\",\"itemListElement\":[{\"@type\":\"ListItem\",\"position\":1,\"name\":\"Home\",\"item\":\"https:\/\/www.branche-handel.ch\/fr\/\"},{\"@type\":\"ListItem\",\"position\":2,\"name\":\"Cours\"}]},{\"@type\":\"WebSite\",\"@id\":\"https:\/\/www.branche-handel.ch\/fr\/#website\",\"url\":\"https:\/\/www.branche-handel.ch\/fr\/\",\"name\":\"Branche Handel\",\"description\":\"Kaufm\u00e4nnische Grundbildung\",\"publisher\":{\"@id\":\"https:\/\/www.branche-handel.ch\/fr\/#organization\"},\"potentialAction\":[{\"@type\":\"SearchAction\",\"target\":{\"@type\":\"EntryPoint\",\"urlTemplate\":\"https:\/\/www.branche-handel.ch\/fr\/?s={search_term_string}\"},\"query-input\":{\"@type\":\"PropertyValueSpecification\",\"valueRequired\":true,\"valueName\":\"search_term_string\"}}],\"inLanguage\":\"fr-FR\"},{\"@type\":\"Organization\",\"@id\":\"https:\/\/www.branche-handel.ch\/fr\/#organization\",\"name\":\"Branche Handel\",\"url\":\"https:\/\/www.branche-handel.ch\/fr\/\",\"logo\":{\"@type\":\"ImageObject\",\"inLanguage\":\"fr-FR\",\"@id\":\"https:\/\/www.branche-handel.ch\/fr\/#\/schema\/logo\/image\/\",\"url\":\"https:\/\/www.branche-handel.ch\/wp-content\/uploads\/2022\/08\/BranchHandel_Logo.svg\",\"contentUrl\":\"https:\/\/www.branche-handel.ch\/wp-content\/uploads\/2022\/08\/BranchHandel_Logo.svg\",\"width\":283,\"height\":45,\"caption\":\"Branche Handel\"},\"image\":{\"@id\":\"https:\/\/www.branche-handel.ch\/fr\/#\/schema\/logo\/image\/\"}}]}<\/script>\n<!-- \/ Yoast SEO plugin. -->","yoast_head_json":{"title":"Cours - Branche Handel","robots":{"index":"index","follow":"follow","max-snippet":"max-snippet:-1","max-image-preview":"max-image-preview:large","max-video-preview":"max-video-preview:-1"},"canonical":"https:\/\/www.branche-handel.ch\/fr\/cours\/","og_locale":"fr_FR","og_type":"article","og_title":"Cours - Branche Handel","og_description":"Formateur professionnels VeranstaltungBIVOFormZielgruppeDatumDauer&nbsp; Veranstaltung Groupes de travail r\u00e9gionaux (RAG) RenensBIVO2023FormPr\u00e9sentielZielgruppeFR, FPDatum02.10.2025Dauerapr\u00e8s-midiLink This is the preview of the \u00ab\u00a0Products\u00a0\u00bb Anzeigen. Vous souhaitez suivre un cours en ligne ou en pr\u00e9sentiel ? Veuillez contacter sans tarder notre secr\u00e9tariat en Suisse romande. Alexandre Fallet est \u00e0 votre disposition au : 024 426 07 43 ou \u00e0 l\u2019adresse alex.fallet@forma-conseil.ch","og_url":"https:\/\/www.branche-handel.ch\/fr\/cours\/","og_site_name":"Branche Handel","article_modified_time":"2025-11-04T13:23:28+00:00","twitter_card":"summary_large_image","twitter_misc":{"Dur\u00e9e de lecture estim\u00e9e":"1 minute"},"schema":{"@context":"https:\/\/schema.org","@graph":[{"@type":"WebPage","@id":"https:\/\/www.branche-handel.ch\/fr\/cours\/","url":"https:\/\/www.branche-handel.ch\/fr\/cours\/","name":"Cours - Branche Handel","isPartOf":{"@id":"https:\/\/www.branche-handel.ch\/fr\/#website"},"datePublished":"2022-08-30T09:55:52+00:00","dateModified":"2025-11-04T13:23:28+00:00","breadcrumb":{"@id":"https:\/\/www.branche-handel.ch\/fr\/cours\/#breadcrumb"},"inLanguage":"fr-FR","potentialAction":[{"@type":"ReadAction","target":["https:\/\/www.branche-handel.ch\/fr\/cours\/"]}]},{"@type":"BreadcrumbList","@id":"https:\/\/www.branche-handel.ch\/fr\/cours\/#breadcrumb","itemListElement":[{"@type":"ListItem","position":1,"name":"Home","item":"https:\/\/www.branche-handel.ch\/fr\/"},{"@type":"ListItem","position":2,"name":"Cours"}]},{"@type":"WebSite","@id":"https:\/\/www.branche-handel.ch\/fr\/#website","url":"https:\/\/www.branche-handel.ch\/fr\/","name":"Branche Handel","description":"Kaufm\u00e4nnische Grundbildung","publisher":{"@id":"https:\/\/www.branche-handel.ch\/fr\/#organization"},"potentialAction":[{"@type":"SearchAction","target":{"@type":"EntryPoint","urlTemplate":"https:\/\/www.branche-handel.ch\/fr\/?s={search_term_string}"},"query-input":{"@type":"PropertyValueSpecification","valueRequired":true,"valueName":"search_term_string"}}],"inLanguage":"fr-FR"},{"@type":"Organization","@id":"https:\/\/www.branche-handel.ch\/fr\/#organization","name":"Branche Handel","url":"https:\/\/www.branche-handel.ch\/fr\/","logo":{"@type":"ImageObject","inLanguage":"fr-FR","@id":"https:\/\/www.branche-handel.ch\/fr\/#\/schema\/logo\/image\/","url":"https:\/\/www.branche-handel.ch\/wp-content\/uploads\/2022\/08\/BranchHandel_Logo.svg","contentUrl":"https:\/\/www.branche-handel.ch\/wp-content\/uploads\/2022\/08\/BranchHandel_Logo.svg","width":283,"height":45,"caption":"Branche Handel"},"image":{"@id":"https:\/\/www.branche-handel.ch\/fr\/#\/schema\/logo\/image\/"}}]}},"_links":{"self":[{"href":"https:\/\/www.branche-handel.ch\/fr\/wp-json\/wp\/v2\/pages\/3638","targetHints":{"allow":["GET"]}}],"collection":[{"href":"https:\/\/www.branche-handel.ch\/fr\/wp-json\/wp\/v2\/pages"}],"about":[{"href":"https:\/\/www.branche-handel.ch\/fr\/wp-json\/wp\/v2\/types\/page"}],"author":[{"embeddable":true,"href":"https:\/\/www.branche-handel.ch\/fr\/wp-json\/wp\/v2\/users\/1"}],"replies":[{"embeddable":true,"href":"https:\/\/www.branche-handel.ch\/fr\/wp-json\/wp\/v2\/comments?post=3638"}],"version-history":[{"count":29,"href":"https:\/\/www.branche-handel.ch\/fr\/wp-json\/wp\/v2\/pages\/3638\/revisions"}],"predecessor-version":[{"id":7675,"href":"https:\/\/www.branche-handel.ch\/fr\/wp-json\/wp\/v2\/pages\/3638\/revisions\/7675"}],"wp:attachment":[{"href":"https:\/\/www.branche-handel.ch\/fr\/wp-json\/wp\/v2\/media?parent=3638"}],"curies":[{"name":"wp","href":"https:\/\/api.w.org\/{rel}","templated":true}]}}